{"id":8,"date":"2021-03-03T09:35:28","date_gmt":"2021-03-03T09:35:28","guid":{"rendered":"https:\/\/mustardmaker.com\/de\/?page_id=8"},"modified":"2021-03-23T10:56:17","modified_gmt":"2021-03-23T10:56:17","slug":"bildernachweis","status":"publish","type":"page","link":"https:\/\/mustardmaker.com\/de\/bildernachweis\/","title":{"rendered":"Bildernachweis"},"content":{"rendered":"<p>Bei den Produkten zugeordneten Bildern handelt es sich ausschlie\u00dflich um Produktbilder, die die H\u00e4ndler im Rahmen des Amazon H\u00e4ndlerprogrammes den Produkten hinzugef\u00fcgt haben. F\u00fcr die Richtigkeit oder Abweichungen k\u00f6nnen wir keine Gew\u00e4hr \u00fcbernehmen.<\/p>\n<h3>Stockfotos<\/h3>\n<ul>\n<li><a href=\"https:\/\/mustardmaker.com\/\">Header<\/a>, Datei-ID: 48893077, Urheberrecht: <a href=\"https:\/\/de.depositphotos.com\/48893077\/stock-photo-raw-organic-mustard-seeds.html\" rel=\"nofollow\">bhofack2<\/a><\/li>\n<li><a href=\"https:\/\/mustardmaker.com\/de\/wissenswertes-ueber-senf\/kann-senf-schlecht-werden\/\">Kann Senf schlecht werden?<\/a>, Datei-ID: 358280556, Urheberrecht: <a href=\"https:\/\/de.depositphotos.com\/358280556\/stock-photo-young-handsome-man-holding-bottle.html\" rel=\"nofollow\">Krakenimages.com<\/a><\/li>\n<li><a href=\"https:\/\/mustardmaker.com\/de\/wissenswertes-ueber-senf\/woraus-senf-besteht\/\">Woraus Senf besteht<\/a>, Datei-ID: 41052861, Urheberrecht: <a href=\"https:\/\/de.depositphotos.com\/41052861\/stock-photo-mustard.html\" rel=\"nofollow\">yelenayemchuk<\/a><\/li>\n<li><a href=\"https:\/\/mustardmaker.com\/de\/wissenswertes-ueber-senf\/senfsorten-im-handel\/\">Senfsorten im Handel<\/a>, Datei-ID: 141684128, Urheberrecht: <a href=\"https:\/\/de.depositphotos.com\/141684128\/stock-photo-various-brands-of-mustard.html\" rel=\"nofollow\">defotoberg<\/a><\/li>\n<li><a href=\"https:\/\/mustardmaker.com\/de\/wissenswertes-ueber-senf\/ist-senf-gesund\/\">Ist Senf gesund?<\/a>, Datei-ID: 35880015, Urheberrecht: <a href=\"https:\/\/de.depositphotos.com\/35880015\/stock-photo-woman-eating-a-hotdog.html\" rel=\"nofollow\">ZOOMYimages<\/a><\/li>\n<li><a href=\"https:\/\/mustardmaker.com\/de\/senf-selber-machen\/senfpaste\/\">Verarbeitung von Senf zu Senfpaste<\/a>, Datei-ID: 457955964, Urheberrecht: <a href=\"https:\/\/de.depositphotos.com\/457955964\/stock-photo-ingredients-making-mustard-mustard-powder.html\" rel=\"nofollow\">DOlga<\/a><\/li>\n<li><a href=\"https:\/\/mustardmaker.com\/de\/senf-selber-machen\/senfpaste\/\">Verarbeitung von Senf zu Senfpaste<\/a>, Datei-ID: 449967604, Urheberrecht: <a href=\"https:\/\/de.depositphotos.com\/449967604\/stock-photo-mustard-seeds-wooden-mortar-pestle.html\" rel=\"nofollow\">NewAfrica<\/a><\/li>\n<li><a href=\"https:\/\/mustardmaker.com\/de\/senf-selber-machen\/senf-zubereitung-zu-hause\/\">Senf-Zubereitung zu Hause<\/a>, Datei-ID: 456590990, Urheberrecht: <a href=\"https:\/\/de.depositphotos.com\/456590990\/stock-photo-mustard-powder-ready-made-mustard.html\" rel=\"nofollow\">DOlga<\/a><\/li>\n<li><a href=\"https:\/\/mustardmaker.com\/de\/senf-selber-machen\/senf-grundrezepte\/\">Senf: Die Grundrezepte<\/a>, Datei-ID: 25446549, Urheberrecht: <a href=\"https:\/\/de.depositphotos.com\/25446549\/stock-photo-various-mustards.html\" rel=\"nofollow\">matka_Wariatka<\/a><\/li>\n<li><a href=\"https:\/\/mustardmaker.com\/de\/senfpflanze\/senf-aussaeen\/\">Senf auss\u00e4en<\/a>, Datei-ID: 110308612, Urheberrecht: <a href=\"https:\/\/de.depositphotos.com\/110308612\/stock-photo-female-hands-touching-rape-flowers.html\" rel=\"nofollow\">swkunst<\/a><\/li>\n<li><a href=\"https:\/\/mustardmaker.com\/de\/senfpflanze\/\">Die Senfpflanze<\/a>, Datei-ID: 273046866, Urheberrecht: <a href=\"https:\/\/de.depositphotos.com\/273046866\/stock-photo-yellow-field-during-rapeseed-bloom.html\" rel=\"nofollow\">JTeivans<\/a><\/li>\n<li><a href=\"https:\/\/mustardmaker.com\/de\/senfpflanze\/senf-grunduengung\/\">Senf als Gr\u00fcnd\u00fcngung<\/a>, Datei-ID: 301323554, Urheberrecht: <a href=\"https:\/\/de.depositphotos.com\/301323554\/stock-photo-tractor-rides-on-the-field.html\" rel=\"nofollow\">studio_diva.mail.ru<\/a><\/li>\n<\/ul>\n","protected":false},"excerpt":{"rendered":"<p>Bei den Produkten zugeordneten Bildern handelt es sich ausschlie\u00dflich um Produktbilder, die die H\u00e4ndler im Rahmen des Amazon H\u00e4ndlerprogrammes den Produkten hinzugef\u00fcgt haben. F\u00fcr die Richtigkeit oder Abweichungen k\u00f6nnen wir keine Gew\u00e4hr \u00fcbernehmen. Stockfotos Header, Datei-ID: 48893077, Urheberrecht: bhofack2 Kann Senf schlecht werden?, Datei-ID: 358280556, Urheberrecht: Krakenimages.com Woraus Senf besteht, Datei-ID: 41052861, Urheberrecht: yelenayemchuk Senfsorten &#8230; <a title=\"Bildernachweis\" class=\"read-more\" href=\"https:\/\/mustardmaker.com\/de\/bildernachweis\/\" aria-label=\"Mehr Informationen \u00fcber Bildernachweis\">Weiterlesen<\/a><\/p>\n","protected":false},"author":1,"featured_media":0,"parent":0,"menu_order":0,"comment_status":"closed","ping_status":"closed","template":"","meta":{"footnotes":""},"class_list":["post-8","page","type-page","status-publish"],"_links":{"self":[{"href":"https:\/\/mustardmaker.com\/de\/wp-json\/wp\/v2\/pages\/8","targetHints":{"allow":["GET"]}}],"collection":[{"href":"https:\/\/mustardmaker.com\/de\/wp-json\/wp\/v2\/pages"}],"about":[{"href":"https:\/\/mustardmaker.com\/de\/wp-json\/wp\/v2\/types\/page"}],"author":[{"embeddable":true,"href":"https:\/\/mustardmaker.com\/de\/wp-json\/wp\/v2\/users\/1"}],"replies":[{"embeddable":true,"href":"https:\/\/mustardmaker.com\/de\/wp-json\/wp\/v2\/comments?post=8"}],"version-history":[{"count":6,"href":"https:\/\/mustardmaker.com\/de\/wp-json\/wp\/v2\/pages\/8\/revisions"}],"predecessor-version":[{"id":265,"href":"https:\/\/mustardmaker.com\/de\/wp-json\/wp\/v2\/pages\/8\/revisions\/265"}],"wp:attachment":[{"href":"https:\/\/mustardmaker.com\/de\/wp-json\/wp\/v2\/media?parent=8"}],"curies":[{"name":"wp","href":"https:\/\/api.w.org\/{rel}","templated":true}]}}